{"id":11,"date":"2011-07-21T23:47:51","date_gmt":"2011-07-21T21:47:51","guid":{"rendered":"http:\/\/merq.de\/ruegen\/?page_id=11"},"modified":"2014-02-03T17:58:05","modified_gmt":"2014-02-03T15:58:05","slug":"binz","status":"publish","type":"page","link":"https:\/\/de.merq.org\/ruegen\/binz\/","title":{"rendered":"Binz"},"content":{"rendered":"<p><a href=\"http:\/\/de.merq.org\/ruege\/files\/2011\/07\/binz.jpg\"><img loading=\"lazy\" decoding=\"async\" src=\"http:\/\/de.merq.org\/ruege\/files\/2011\/07\/binz.jpg\" alt=\"\" title=\"binz\" width=\"618\" height=\"256\" class=\"aligncenter size-full wp-image-19\" \/><\/a><\/p>\n<p>Das Seebad in <strong>Binz<\/strong> wird als das gr\u00f6\u00dfte und sch\u00f6nste auf der Insel angesehen. Es besitzt zudem eine bemerkenswerte 3,2 km lange Strandpromenade.<br \/>\nBekannt ist in Binz auch das gro\u00dfe Kurhaus, welches vor dem 5 km langen Sandstrand liegt.<\/p>\n<p><U>Informationsvideo:<\/U><br \/>\n<iframe loading=\"lazy\" width=\"560\" height=\"315\" src=\"\/\/www.youtube.com\/embed\/XJCp2Hdcua0?rel=0\" frameborder=\"0\" allowfullscreen><\/iframe><\/p>\n<p>Weitere Attraktionen: Die 370 Meter lange Seebr\u00fccke, welche 1994 erbaut wurde, kann von Touristen bestiegen werden. Au\u00dferdem k\u00f6nnen Schiffstouren von dort gestartet werden.<br \/>\nIn unmittelbarer N\u00e4he liegt auch das <a href=\"http:\/\/merq.de\/ruegen\/jagdschloss-granitz\/\">Jagdschloss Granitz<\/a>.<\/p>\n<p><U>Karte:<\/U><br \/>\n<iframe loading=\"lazy\" src=\"https:\/\/www.google.com\/maps\/embed?pb=!1m18!1m12!1m3!1d94689.77687102192!2d13.600292549999992!3d54.42230035!2m3!1f0!2f0!3f0!3m2!1i1024!2i768!4f13.1!3m3!1m2!1s0x47ab3f7c3e973a5b%3A0x4251ae8ad84acf0!2sBinz!5e1!3m2!1sde!2sde!4v1391443016170\" width=\"600\" height=\"450\" frameborder=\"0\" style=\"border:0\"><\/iframe><\/p>\n","protected":false},"excerpt":{"rendered":"<p>Das Seebad in Binz wird als das gr&ouml;&szlig;te und sch&ouml;nste auf der Insel angesehen. Es besitzt zudem eine bemerkenswerte 3,2 km lange Strandpromenade. Bekannt ist in Binz auch das gro&szlig;e Kurhaus, welches vor dem 5 km langen Sandstrand liegt. Informationsvideo: Weitere Attraktionen: Die 370 Meter lange Seebr&uuml;cke, welche 1994 erbaut wurde, kann von Touristen bestiegen [&hellip;]<\/p>\n","protected":false},"author":1,"featured_media":0,"parent":0,"menu_order":4,"comment_status":"closed","ping_status":"closed","template":"","meta":{"footnotes":""},"class_list":["post-11","page","type-page","status-publish","hentry"],"_links":{"self":[{"href":"https:\/\/de.merq.org\/ruegen\/wp-json\/wp\/v2\/pages\/11","targetHints":{"allow":["GET"]}}],"collection":[{"href":"https:\/\/de.merq.org\/ruegen\/wp-json\/wp\/v2\/pages"}],"about":[{"href":"https:\/\/de.merq.org\/ruegen\/wp-json\/wp\/v2\/types\/page"}],"author":[{"embeddable":true,"href":"https:\/\/de.merq.org\/ruegen\/wp-json\/wp\/v2\/users\/1"}],"replies":[{"embeddable":true,"href":"https:\/\/de.merq.org\/ruegen\/wp-json\/wp\/v2\/comments?post=11"}],"version-history":[{"count":3,"href":"https:\/\/de.merq.org\/ruegen\/wp-json\/wp\/v2\/pages\/11\/revisions"}],"predecessor-version":[{"id":87,"href":"https:\/\/de.merq.org\/ruegen\/wp-json\/wp\/v2\/pages\/11\/revisions\/87"}],"wp:attachment":[{"href":"https:\/\/de.merq.org\/ruegen\/wp-json\/wp\/v2\/media?parent=11"}],"curies":[{"name":"wp","href":"https:\/\/api.w.org\/{rel}","templated":true}]}}