{"id":13,"date":"2011-07-21T23:48:10","date_gmt":"2011-07-21T21:48:10","guid":{"rendered":"http:\/\/merq.de\/ruegen\/?page_id=13"},"modified":"2014-02-03T17:55:59","modified_gmt":"2014-02-03T15:55:59","slug":"jagdschloss-granitz","status":"publish","type":"page","link":"https:\/\/de.merq.org\/ruegen\/jagdschloss-granitz\/","title":{"rendered":"Granitz"},"content":{"rendered":"<p>Das <strong>Jagdschloss Granitz<\/strong> befindet sich auf dem 106 Meter hohen Tempelberg. Es besitzt einen 38 Meter hohen Aussichtsturm. Von dort aus k\u00f6nnen Besucher einen gro\u00dfen Teil der Insel erkennen. Au\u00dferdem befinden sich in den unteren Etagen Ausstellungsr\u00e4ume, welche u.a. das damalige (um 1900) Leben im Schloss zeigen.<\/p>\n<p><U>Informationsvideo:<\/U><br \/>\n<iframe loading=\"lazy\" width=\"560\" height=\"315\" src=\"\/\/www.youtube.com\/embed\/O6XuVeAXt4Q?rel=0\" frameborder=\"0\" allowfullscreen><\/iframe><\/p>\n<p>Ein bekanntes Motiv ist die gusseiserne Wendeltreppe mit 154 Stufen.<br \/>\nAu\u00dferdem empfehlenswert ist das im Keller befindliche Restaurant \/ Cafe. <\/p>\n<p>Das Jagdschloss l\u00e4sst sich nicht direkt mit dem Auto anfahren. In der Umgebung (3-4 km) befinden sich Parkpl\u00e4tze. Der Weg zum Schloss kann zu Fu\u00df, mit einer Kutsche oder mit einer Bahn zur\u00fcckgelegt werden.  <\/p>\n<p><U>Karte:<\/U><br \/>\n<iframe loading=\"lazy\" src=\"https:\/\/www.google.com\/maps\/embed?pb=!1m18!1m12!1m3!1d2962.064865326399!2d13.627294000000006!3d54.38060700000001!2m3!1f0!2f0!3f0!3m2!1i1024!2i768!4f13.1!3m3!1m2!1s0x47ab3e35e12d6361%3A0x923ff40c3648e54c!2sJagdschloss+Granitz%2C+Binz!5e1!3m2!1sde!2sde!4v1391442914857\" width=\"600\" height=\"450\" frameborder=\"0\" style=\"border:0\"><\/iframe><\/p>\n","protected":false},"excerpt":{"rendered":"<p>Das Jagdschloss Granitz befindet sich auf dem 106 Meter hohen Tempelberg. Es besitzt einen 38 Meter hohen Aussichtsturm. Von dort aus k&ouml;nnen Besucher einen gro&szlig;en Teil der Insel erkennen. Au&szlig;erdem befinden sich in den unteren Etagen Ausstellungsr&auml;ume, welche u.a. das damalige (um 1900) Leben im Schloss zeigen. Informationsvideo: Ein bekanntes Motiv ist die gusseiserne Wendeltreppe [&hellip;]<\/p>\n","protected":false},"author":1,"featured_media":0,"parent":0,"menu_order":3,"comment_status":"closed","ping_status":"closed","template":"","meta":{"footnotes":""},"class_list":["post-13","page","type-page","status-publish","hentry"],"_links":{"self":[{"href":"https:\/\/de.merq.org\/ruegen\/wp-json\/wp\/v2\/pages\/13","targetHints":{"allow":["GET"]}}],"collection":[{"href":"https:\/\/de.merq.org\/ruegen\/wp-json\/wp\/v2\/pages"}],"about":[{"href":"https:\/\/de.merq.org\/ruegen\/wp-json\/wp\/v2\/types\/page"}],"author":[{"embeddable":true,"href":"https:\/\/de.merq.org\/ruegen\/wp-json\/wp\/v2\/users\/1"}],"replies":[{"embeddable":true,"href":"https:\/\/de.merq.org\/ruegen\/wp-json\/wp\/v2\/comments?post=13"}],"version-history":[{"count":1,"href":"https:\/\/de.merq.org\/ruegen\/wp-json\/wp\/v2\/pages\/13\/revisions"}],"predecessor-version":[{"id":84,"href":"https:\/\/de.merq.org\/ruegen\/wp-json\/wp\/v2\/pages\/13\/revisions\/84"}],"wp:attachment":[{"href":"https:\/\/de.merq.org\/ruegen\/wp-json\/wp\/v2\/media?parent=13"}],"curies":[{"name":"wp","href":"https:\/\/api.w.org\/{rel}","templated":true}]}}