{"id":6,"date":"2011-07-21T23:46:21","date_gmt":"2011-07-21T21:46:21","guid":{"rendered":"http:\/\/merq.de\/ruegen\/?page_id=6"},"modified":"2014-02-03T17:11:36","modified_gmt":"2014-02-03T15:11:36","slug":"startseite","status":"publish","type":"page","link":"https:\/\/de.merq.org\/ruegen\/","title":{"rendered":"Startseite"},"content":{"rendered":"<p>Auf dieser Webseite finden Sie Informationen, Tipps und Berichte \u00fcber die beliebte Ostseeinsel R\u00fcgen. Lassen Sie sich von sch\u00f6nen Bildern und Videos inspirieren.<br \/>\nErfahren Sie Wissenswertes \u00fcber Tourismus, Einkauf, Essen, Sehensw\u00fcrdigkeiten, Str\u00e4nde, Ortschaften und vieles mehr&#8230;<\/p>\n<p><span style=\"text-decoration: underline;\">Karte:<\/span><\/p>\n<p><iframe loading=\"lazy\" style=\"border: 0;\" src=\"https:\/\/www.google.com\/maps\/embed?pb=!1m18!1m12!1m3!1d378477.35190734884!2d13.4403137!3d54.45278489999999!2m3!1f0!2f0!3f0!3m2!1i1024!2i768!4f13.1!3m3!1m2!1s0x47ab43be69cbbd7f%3A0x80ba77d923cc7534!2zUsO8Z2Vu!5e1!3m2!1sde!2sus!4v1391439837808\" height=\"450\" width=\"600\" frameborder=\"0\"><\/iframe><\/p>\n<p><span style=\"text-decoration: underline;\">Mediathek:<\/span><\/p>\n<table>\n<tbody>\n<tr>\n<td>Granitz<\/td>\n<td><a href=\"\/\/www.youtube.com\/watch?v=O6XuVeAXt4Q\" target=\"_blank\"><img decoding=\"async\" alt=\"\" src=\"\/\/img.youtube.com\/vi\/O6XuVeAXt4Q\/1.jpg\" border=\"0\" \/><\/a><\/td>\n<\/tr>\n<tr>\n<td>Binz<\/td>\n<td><a href=\"\/\/www.youtube.com\/watch?v=XJCp2Hdcua0\" target=\"_blank\"><img decoding=\"async\" alt=\"\" src=\"\/\/img.youtube.com\/vi\/XJCp2Hdcua0\/1.jpg\" border=\"0\" \/><\/a><\/td>\n<\/tr>\n<tr>\n<td>G\u00f6hren<\/td>\n<td><a href=\"\/\/www.youtube.com\/watch?v=uUCIHttYSdI\" target=\"_blank\"><img decoding=\"async\" alt=\"\" src=\"\/\/img.youtube.com\/vi\/uUCIHttYSdI\/1.jpg\" border=\"0\" \/><\/a><\/td>\n<\/tr>\n<tr>\n<td>Wissower Klinken<\/td>\n<td><a href=\"\/\/www.youtube.com\/watch?v=gkUVqAEU2Bk\" target=\"_blank\"><img decoding=\"async\" alt=\"\" src=\"\/\/img.youtube.com\/vi\/gkUVqAEU2Bk\/1.jpg\" border=\"0\" \/><\/a><\/td>\n<\/tr>\n<tr>\n<td>K\u00f6nigsstuhl<\/td>\n<td><a href=\"\/\/www.youtube.com\/watch?v=XDW4dMqAiUU\" target=\"_blank\"><img decoding=\"async\" alt=\"\" src=\"\/\/img.youtube.com\/vi\/XDW4dMqAiUU\/1.jpg\" border=\"0\" \/><\/a><\/td>\n<\/tr>\n<tr>\n<td>Abstieg<\/td>\n<td><a href=\"\/\/www.youtube.com\/watch?v=HnRaBB_KJ-M\" target=\"_blank\"><img decoding=\"async\" alt=\"\" src=\"\/\/img.youtube.com\/vi\/HnRaBB_KJ-M\/1.jpg\" border=\"0\" \/><\/a><\/td>\n<\/tr>\n<tr>\n<td>Viktoria-Sicht<\/td>\n<td><a href=\"\/\/www.youtube.com\/watch?v=9EcW2_QqmTc\" target=\"_blank\"><img decoding=\"async\" alt=\"\" src=\"\/\/img.youtube.com\/vi\/9EcW2_QqmTc\/1.jpg\" border=\"0\" \/><\/a><\/td>\n<\/tr>\n<\/tbody>\n<\/table>\n","protected":false},"excerpt":{"rendered":"<p>Auf dieser Webseite finden Sie Informationen, Tipps und Berichte &uuml;ber die beliebte Ostseeinsel R&uuml;gen. Lassen Sie sich von sch&ouml;nen Bildern und Videos inspirieren. Erfahren Sie Wissenswertes &uuml;ber Tourismus, Einkauf, Essen, Sehensw&uuml;rdigkeiten, Str&auml;nde, Ortschaften und vieles mehr&hellip; Karte: Mediathek: Granitz Binz G&ouml;hren Wissower Klinken K&ouml;nigsstuhl Abstieg Viktoria-Sicht<\/p>\n","protected":false},"author":1,"featured_media":0,"parent":0,"menu_order":1,"comment_status":"closed","ping_status":"closed","template":"","meta":{"footnotes":""},"class_list":["post-6","page","type-page","status-publish","hentry"],"_links":{"self":[{"href":"https:\/\/de.merq.org\/ruegen\/wp-json\/wp\/v2\/pages\/6","targetHints":{"allow":["GET"]}}],"collection":[{"href":"https:\/\/de.merq.org\/ruegen\/wp-json\/wp\/v2\/pages"}],"about":[{"href":"https:\/\/de.merq.org\/ruegen\/wp-json\/wp\/v2\/types\/page"}],"author":[{"embeddable":true,"href":"https:\/\/de.merq.org\/ruegen\/wp-json\/wp\/v2\/users\/1"}],"replies":[{"embeddable":true,"href":"https:\/\/de.merq.org\/ruegen\/wp-json\/wp\/v2\/comments?post=6"}],"version-history":[{"count":5,"href":"https:\/\/de.merq.org\/ruegen\/wp-json\/wp\/v2\/pages\/6\/revisions"}],"predecessor-version":[{"id":82,"href":"https:\/\/de.merq.org\/ruegen\/wp-json\/wp\/v2\/pages\/6\/revisions\/82"}],"wp:attachment":[{"href":"https:\/\/de.merq.org\/ruegen\/wp-json\/wp\/v2\/media?parent=6"}],"curies":[{"name":"wp","href":"https:\/\/api.w.org\/{rel}","templated":true}]}}