{"id":65,"date":"2011-07-25T10:37:14","date_gmt":"2011-07-25T08:37:14","guid":{"rendered":"http:\/\/merq.de\/ruegen\/?page_id=65"},"modified":"2014-02-03T16:20:46","modified_gmt":"2014-02-03T14:20:46","slug":"kreidekueste","status":"publish","type":"page","link":"https:\/\/de.merq.org\/ruegen\/kreidekueste\/","title":{"rendered":"Kreidek\u00fcste"},"content":{"rendered":"<p><a href=\"http:\/\/de.merq.org\/ruege\/files\/2011\/07\/kreidehp.jpg\"><img loading=\"lazy\" decoding=\"async\" src=\"http:\/\/de.merq.org\/ruege\/files\/2011\/07\/kreidehp.jpg\" alt=\"\" title=\"kreidehp\" width=\"618\" height=\"461\" class=\"aligncenter size-full wp-image-90\" \/><\/a><br \/>\n<em>Der K\u00f6nigsstuhl; \u00d6l auf Leinwand; H. Bekaan; Juli 2011<\/em><\/p>\n<p>R\u00fcgens Kreidek\u00fcste fasziniert die Besucher. Es gibt meterhoche Felsen, die wei\u00df erstrahlen. Au\u00dferdem existieren verschiedene Aussichten (siehe Unterpunkte). So ist zum Beispiel beim K\u00f6nigsstuhl eine Ausstellung angesiedelt. <\/p>\n<p>Weitere Informationen Videos und Bilder erhalten Sie auf den Unterseiten:<\/p>\n<p><a href=\"http:\/\/de.merq.org\/ruegen\/kreidekueste\/abstieg\/\">Der Abstieg<\/a><\/p>\n<p><a href=\"http:\/\/de.merq.org\/ruegen\/kreidekueste\/victoria-sicht\/\">Die Victoria-Sicht<\/a><\/p>\n<p><a href=\"http:\/\/de.merq.org\/ruegen\/kreidekueste\/wissower-klinken\/\">Die Wissower Klinken<\/a><\/p>\n<p><a href=\"http:\/\/de.merq.org\/ruegen\/kreidekueste\/konigsstuhl\/\">Der K\u00f6nigsstuhl<\/a><\/p>\n","protected":false},"excerpt":{"rendered":"<p>Der K&ouml;nigsstuhl; &Ouml;l auf Leinwand; H. Bekaan; Juli 2011 R&uuml;gens Kreidek&uuml;ste fasziniert die Besucher. Es gibt meterhoche Felsen, die wei&szlig; erstrahlen. Au&szlig;erdem existieren verschiedene Aussichten (siehe Unterpunkte). So ist zum Beispiel beim K&ouml;nigsstuhl eine Ausstellung angesiedelt. Weitere Informationen Videos und Bilder erhalten Sie auf den Unterseiten: Der Abstieg Die Victoria-Sicht Die Wissower Klinken Der K&ouml;nigsstuhl<\/p>\n","protected":false},"author":1,"featured_media":0,"parent":0,"menu_order":8,"comment_status":"closed","ping_status":"closed","template":"","meta":{"footnotes":""},"class_list":["post-65","page","type-page","status-publish","hentry"],"_links":{"self":[{"href":"https:\/\/de.merq.org\/ruegen\/wp-json\/wp\/v2\/pages\/65","targetHints":{"allow":["GET"]}}],"collection":[{"href":"https:\/\/de.merq.org\/ruegen\/wp-json\/wp\/v2\/pages"}],"about":[{"href":"https:\/\/de.merq.org\/ruegen\/wp-json\/wp\/v2\/types\/page"}],"author":[{"embeddable":true,"href":"https:\/\/de.merq.org\/ruegen\/wp-json\/wp\/v2\/users\/1"}],"replies":[{"embeddable":true,"href":"https:\/\/de.merq.org\/ruegen\/wp-json\/wp\/v2\/comments?post=65"}],"version-history":[{"count":1,"href":"https:\/\/de.merq.org\/ruegen\/wp-json\/wp\/v2\/pages\/65\/revisions"}],"predecessor-version":[{"id":76,"href":"https:\/\/de.merq.org\/ruegen\/wp-json\/wp\/v2\/pages\/65\/revisions\/76"}],"wp:attachment":[{"href":"https:\/\/de.merq.org\/ruegen\/wp-json\/wp\/v2\/media?parent=65"}],"curies":[{"name":"wp","href":"https:\/\/api.w.org\/{rel}","templated":true}]}}