{"id":74,"date":"2011-07-25T10:40:59","date_gmt":"2011-07-25T08:40:59","guid":{"rendered":"http:\/\/merq.de\/ruegen\/?page_id=74"},"modified":"2011-07-25T10:40:59","modified_gmt":"2011-07-25T08:40:59","slug":"sassnitz","status":"publish","type":"page","link":"https:\/\/de.merq.org\/ruegen\/sassnitz\/","title":{"rendered":"Sassnitz"},"content":{"rendered":"<p>Wenn Sie auf der Insel R\u00fcgen Urlaub machen wollen,<br \/>\ndann sollten Sie einen Abstecher in den Nordosten der Insel, dem Tor nach Skandinavien,<br \/>\nsowie der Ort Sassnitz auch beschrieben wird, machen.<\/p>\n<p>Sassnitz die zweitgr\u00f6\u00dfte Stadt der Insel R\u00fcgen und hat ca. 12700 Einwohner.<br \/>\nSeit dem Jahre 2007 gibt es ein weiteres Wahrzeichen von Sassnitz, die Fu\u00dfg\u00e4ngerbr\u00fccke.<br \/>\nAls Fu\u00dfg\u00e4nger haben Sie eine wundersch\u00f6ne Aussicht auf den Hafen. Im \u00dcbrigen werden sie feststellen,<br \/>\ndass bereits bei schwachem Wind Vibrationen unter den F\u00fc\u00dfen zu sp\u00fcren sind, so dass sie das Gef\u00fchl versp\u00fcren, als ob die Br\u00fccke sich bewegt.<br \/>\nDoch keine Angst die Br\u00fccke ist gut gesichert und fest verankert.<br \/>\nVor der Fu\u00dfg\u00e4ngerbr\u00fccke sto\u00dfen Sie auf ein nicht zu \u00fcbersehendes Geb\u00e4ude, einem mit vielen Stockwerken versehenem Hotel.<\/p>\n<p>Alle Jahre wieder finden in Sassnitz , meist im Monat Juli, die sogenannten Hafenfeste statt.<br \/>\nWenn Sie am Hafen entlanggehen, entdecken Sie zum einen die vielen Fischkutter der einheimischen Fischer, zum anderen aber auch die Privatyachten und die Ausflugsboote f\u00fcr die Inselrundfahrten.<\/p>\n<p>Sollten Sie Appetit auf ein gutes Essen bekommen, so k\u00f6nnen Sie eines der am Hafen gelegenen Restaurants (Restaurantzeile) aufsuchen.<br \/>\nBesonders empfehlenswert ist das Restaurant \u201eGastmahl des Meeres\u201c.<br \/>\nEin Souvenir k\u00f6nnen Sie in der Fu\u00dfg\u00e4nger und Ladenpassage erwerben. Hier wartet ein reichhaltiges Angebot auf Sie.<\/p>\n<p>Wer sich f\u00fcr die Geschichte der Marine, konkret U-Boote interessiert, der hat die M\u00f6glichkeit, das im Sassnitzer Hafen gelegene U-Boot-Museum, zu besichtigen.<\/p>\n<p>In der n\u00e4heren Umgebung gelangen Sie schnell in das Naturschutzgebiet Jasmund.<br \/>\nAuch die Strecke zwischen Sassnitz und Jasmund hinterl\u00e4sst Erinnerungen an eine sch\u00f6ne Landschaft.<\/p>\n","protected":false},"excerpt":{"rendered":"<p>Wenn Sie auf der Insel R&uuml;gen Urlaub machen wollen, dann sollten Sie einen Abstecher in den Nordosten der Insel, dem Tor nach Skandinavien, sowie der Ort Sassnitz auch beschrieben wird, machen. Sassnitz die zweitgr&ouml;&szlig;te Stadt der Insel R&uuml;gen und hat ca. 12700 Einwohner. Seit dem Jahre 2007 gibt es ein weiteres Wahrzeichen von Sassnitz, die [&hellip;]<\/p>\n","protected":false},"author":1,"featured_media":0,"parent":0,"menu_order":9,"comment_status":"closed","ping_status":"closed","template":"","meta":{"footnotes":""},"class_list":["post-74","page","type-page","status-publish","hentry"],"_links":{"self":[{"href":"https:\/\/de.merq.org\/ruegen\/wp-json\/wp\/v2\/pages\/74","targetHints":{"allow":["GET"]}}],"collection":[{"href":"https:\/\/de.merq.org\/ruegen\/wp-json\/wp\/v2\/pages"}],"about":[{"href":"https:\/\/de.merq.org\/ruegen\/wp-json\/wp\/v2\/types\/page"}],"author":[{"embeddable":true,"href":"https:\/\/de.merq.org\/ruegen\/wp-json\/wp\/v2\/users\/1"}],"replies":[{"embeddable":true,"href":"https:\/\/de.merq.org\/ruegen\/wp-json\/wp\/v2\/comments?post=74"}],"version-history":[{"count":0,"href":"https:\/\/de.merq.org\/ruegen\/wp-json\/wp\/v2\/pages\/74\/revisions"}],"wp:attachment":[{"href":"https:\/\/de.merq.org\/ruegen\/wp-json\/wp\/v2\/media?parent=74"}],"curies":[{"name":"wp","href":"https:\/\/api.w.org\/{rel}","templated":true}]}}