{"id":9,"date":"2011-07-21T23:47:24","date_gmt":"2011-07-21T21:47:24","guid":{"rendered":"http:\/\/merq.de\/ruegen\/?page_id=9"},"modified":"2014-02-03T17:54:09","modified_gmt":"2014-02-03T15:54:09","slug":"prora","status":"publish","type":"page","link":"https:\/\/de.merq.org\/ruegen\/prora\/","title":{"rendered":"Prora"},"content":{"rendered":"<p><a href=\"http:\/\/de.merq.org\/ruege\/files\/2011\/07\/IMG_3673.jpg\"><br \/>\n<img loading=\"lazy\" decoding=\"async\" class=\"aligncenter size-full wp-image-29\" src=\"http:\/\/de.merq.org\/ruege\/files\/2011\/07\/IMG_3673.jpg\" alt=\"\" width=\"618\" height=\"352\" \/><\/a><\/p>\n<p><strong>Prora<\/strong> ist ein kleiner Ort zwischen Binz und Neu Mukran mit ca. 900 Einwohnern.<br \/>\nProra ist durch die ehemalige KdF-Anlage bekannt und besitzt heutzutage mehrere Ausstellungen, Museen und Cafes.<\/p>\n<p>Von 1936 bis 1939 wurde in Prora das von den Nationalsozialisten geplante Ferienlager gebaut.<br \/>\nEs ist ein 4,5 Kilometer langes Domizil, welches 11463 Zimmer besitzt und 20000 Genossen aufnehmen sollte.<\/p>\n<p>Heute wird das ehemalige KdF-Geb\u00e4ude zwar st\u00e4ndig renoviert und in Stand gehalten, allerdings zeigt sich, dass Geb\u00e4udeteile vernachl\u00e4ssigt werden:<br \/>\n<a href=\"http:\/\/de.merq.org\/ruege\/files\/2011\/07\/IMG_3666.jpg\"><img loading=\"lazy\" decoding=\"async\" class=\"aligncenter size-full wp-image-30\" src=\"http:\/\/de.merq.org\/ruege\/files\/2011\/07\/IMG_3666.jpg\" alt=\"\" width=\"618\" height=\"359\" \/><\/a><\/p>\n<p><span style=\"text-decoration: underline\">Karte:<\/span><\/p>\n<p><iframe loading=\"lazy\" src=\"https:\/\/www.google.com\/maps\/embed?pb=!1m18!1m12!1m3!1d23728.464160339325!2d13.575470750001534!3d54.43914002168876!2m3!1f0!2f0!3f0!3m2!1i1024!2i768!4f13.1!3m3!1m2!1s0x47ab40955768de9d%3A0xa251aeb32315340!2sProra!5e1!3m2!1sde!2sde!4v1391442845178\" width=\"600\" height=\"450\" frameborder=\"0\" style=\"border:0\"><\/iframe><\/p>\n","protected":false},"excerpt":{"rendered":"<p>Prora ist ein kleiner Ort zwischen Binz und Neu Mukran mit ca. 900 Einwohnern. Prora ist durch die ehemalige KdF-Anlage bekannt und besitzt heutzutage mehrere Ausstellungen, Museen und Cafes. Von 1936 bis 1939 wurde in Prora das von den Nationalsozialisten geplante Ferienlager gebaut. Es ist ein 4,5 Kilometer langes Domizil, welches 11463 Zimmer besitzt und [&hellip;]<\/p>\n","protected":false},"author":1,"featured_media":0,"parent":0,"menu_order":2,"comment_status":"closed","ping_status":"closed","template":"","meta":{"footnotes":""},"class_list":["post-9","page","type-page","status-publish","hentry"],"_links":{"self":[{"href":"https:\/\/de.merq.org\/ruegen\/wp-json\/wp\/v2\/pages\/9","targetHints":{"allow":["GET"]}}],"collection":[{"href":"https:\/\/de.merq.org\/ruegen\/wp-json\/wp\/v2\/pages"}],"about":[{"href":"https:\/\/de.merq.org\/ruegen\/wp-json\/wp\/v2\/types\/page"}],"author":[{"embeddable":true,"href":"https:\/\/de.merq.org\/ruegen\/wp-json\/wp\/v2\/users\/1"}],"replies":[{"embeddable":true,"href":"https:\/\/de.merq.org\/ruegen\/wp-json\/wp\/v2\/comments?post=9"}],"version-history":[{"count":1,"href":"https:\/\/de.merq.org\/ruegen\/wp-json\/wp\/v2\/pages\/9\/revisions"}],"predecessor-version":[{"id":83,"href":"https:\/\/de.merq.org\/ruegen\/wp-json\/wp\/v2\/pages\/9\/revisions\/83"}],"wp:attachment":[{"href":"https:\/\/de.merq.org\/ruegen\/wp-json\/wp\/v2\/media?parent=9"}],"curies":[{"name":"wp","href":"https:\/\/api.w.org\/{rel}","templated":true}]}}